{"id":82,"date":"2011-01-18T11:25:48","date_gmt":"2011-01-18T10:25:48","guid":{"rendered":"http:\/\/huams.ffzg.hr\/"},"modified":"2015-10-05T10:13:25","modified_gmt":"2015-10-05T08:13:25","slug":"works-cited","status":"publish","type":"page","link":"http:\/\/www.huams.hr\/?page_id=82","title":{"rendered":"Works Cited"},"content":{"rendered":"<div id=\"_mcePaste\">Appadurai, Arjun. Modernity at Large: Cultural Dimensions of Globalisation.<\/div>\n<div><\/div>\n<div id=\"_mcePaste\">Minneapolis, London: Minnesota UP, 1996.<\/div>\n<div id=\"_mcePaste\"><\/div>\n<div>Bercovitch, Sacvan and Myra Jehlen, eds. Ideology and Classic American Literature.\u00a0Cambridge: Cambridge UP, 1986.<\/div>\n<div id=\"_mcePaste\"><\/div>\n<div>B\u00e9rub\u00e9, Michael. &#8220;American Studies without Exceptions.&#8221; PMLA 118.1 (January 2003):\u00a0103-13.<\/div>\n<div id=\"_mcePaste\"><\/div>\n<div>Broeck, Sabine. &#8220;American Studies in Germany (Particularly West Germany) Between\u00a0the Cold War Period an the Early Twenty-First Century\u2014Reminiscences of a Participant Observer.&#8221; An interview with Berndt Ostendorf. Comparative American Studies 6.2 (June 2008): 190-201.<\/div>\n<div id=\"_mcePaste\"><\/div>\n<div>Buell, Frederick. &#8220;Nationalist Postnationalism: Globalist Discourse in Contemporary\u00a0American Culture.&#8221; American Quarterly 50.3 (1998): 548-91.<\/div>\n<div id=\"_mcePaste\"><\/div>\n<div>Bujas, \u017deljko. &#8220;American Studies at Zagreb University: A Progress Report.&#8221; Zagreb\u00a0University, 1986.<\/div>\n<div id=\"_mcePaste\"><\/div>\n<div>&#8212; . &#8220;Obrazlo\u017eenje, plan i program postdiplomskog studija amerikanistike.&#8221; Zagreb\u00a0University, 1986.<\/div>\n<div id=\"_mcePaste\"><\/div>\n<div>Comparative American Studies. Special Issue on Intellectuals and the Nation-State. 4.4\u00a0(December 2006).<\/div>\n<div id=\"_mcePaste\"><\/div>\n<div>Fisher Fishkin, Shelley. &#8220;Crossroads of Cultures: The Transnational Turn in American\u00a0Studies\u2014Presidential Address to the American Studies Association, November 12, 2004.&#8221; American Quarterly 57.1 (March 2005): 17-58.<\/div>\n<div id=\"_mcePaste\"><\/div>\n<div>Fluck, Winfried. &#8220;Inside and Outside: What Kind of Knowledge Do We Need? A\u00a0Response to the Presidential Address.&#8221; American Quarterly 59.1 (2007): 23-32.<\/div>\n<div><\/div>\n<div id=\"_mcePaste\">Hicks, James M. and Zvonimir Radeljkovi\u0107. &#8220;The Making of American Studies in\u00a0Bosnia.&#8221; Conference package, &#8220;Ex Uno Plures: American Studies in the Balkans.&#8221; 1st International Conference, May 22-25, 2007. Sarajevo, Bosnia-Herzegovina.<\/div>\n<div id=\"_mcePaste\"><\/div>\n<div>Kelley, Mary. &#8220;Taking Stands: American Studies at Century&#8217;s End. Presidential Address\u00a0to the American Studies Association.&#8221; American Quarterly 52.1 (March 2000): 1-22.<\/div>\n<div id=\"_mcePaste\"><\/div>\n<div>Kne\u017eevi\u0107, Borislav. &#8220;Hrvatska Bologna: izme\u0111u sveu\u010dili\u0161ta i usmjerenog obrazovanja.&#8221;\u00a0Knji\u017eevna republika, \u010dasopis za knji\u017eevnost V, 10-12 (Listopad-prosinac, 2007): 255-82.<\/div>\n<div id=\"_mcePaste\"><\/div>\n<div>Mead, Margaret. &#8220;The Salzburg Seminar on American Civilization 1947. Report by\u00a0Margaret Mead to the Harvard Student Council.&#8221; 25 June 2008\u00a0&lt;http:\/\/www.sazlburgseminar.org\/2009\/history.cfm&gt;.<\/div>\n<div id=\"_mcePaste\"><\/div>\n<div>Muthyala, John. &#8220;Reworlding America: The Globalization of American Studies.&#8221;\u00a0Cultural Critique 47 (2001): 91-119.<\/div>\n<div id=\"_mcePaste\"><\/div>\n<div>Nadel, Alan. &#8220;The a-Historical actor on the historical stage: American Studies, the\u00a0cultural borderline personality, and John Sayles&#8217; Lone Star.&#8221; Comparative American Studies 6.1 (March 2008): 55-70.<\/div>\n<div id=\"_mcePaste\"><\/div>\n<div>Noble, David. Death of a Nation: American Culture and the End of Exceptionalism.\u00a0Minneapolis, London: U of Minnesota P, 2002.<\/div>\n<div id=\"_mcePaste\"><\/div>\n<div>Novak, Slobodan Prosperov. Povijest hrvatske knji\u017eevnosti 3: sje\u0107anje na dobro i zlo.\u00a0Split: Marjan tisak, 2004.<\/div>\n<div id=\"_mcePaste\"><\/div>\n<div>Pease, Donald E. &#8220;New Americanists: Revisionist Interventions into the Canon.&#8221;\u00a0boundary 2 17.1, (Spring 1990): 1-37.<\/div>\n<div id=\"_mcePaste\"><\/div>\n<div>&#8212; . &#8220;National Identities, Postmodern Artifacts, and Postnational\u00a0Narratives.&#8221; National Identities and Post-Americanist Narratives. Ed. Donald Pease. Durham and London: Duke UP, 1994, 1-13.<\/div>\n<div><\/div>\n<div id=\"_mcePaste\">&#8212; . &#8220;Do Transnational American Studies Mark the End of Europe&#8217;s Romance with\u00a0America?&#8221; Keynote address. Transnational American Studies Symposium, 21st July 2007. Clinton Institute for American Studies. University College Dublin.<\/div>\n<div id=\"_mcePaste\"><\/div>\n<div>Pfister, Joel. &#8220;Transnational American Studies for what?&#8221; Comparative American Studies\u00a06.1 (March 2008): 13-36.<\/div>\n<div id=\"_mcePaste\"><\/div>\n<div>Radway, Janice. &#8220;What&#8217;s in a Name?&#8221; Presidential Address to the American Studies\u00a0Association, 20 November 1998. American<\/div>\n<div>Quarterly 51.1 (1999): 1-32.<\/div>\n<div id=\"_mcePaste\"><\/div>\n<div>Readings, Bill. &#8220;The University without Culture?&#8221; New Literary History 26.3 (1995):\u00a0465-92.<\/div>\n<div id=\"_mcePaste\"><\/div>\n<div>Rowe, John Carlos, ed. Post-Nationalist American Studies. Berkeley, Los Angeles,\u00a0London: U of California P, 2000.<\/div>\n<div id=\"_mcePaste\"><\/div>\n<div>Smith, Henry Nash. &#8220;An Overview of the Salzburg Global Seminar as Written in\u00a0American Quarterly, 1949, by Henry Nash Smith.&#8221; 25 June 2008\u00a0&lt;http:\/\/www.salzburgseminar.org\/2009\/history.cfm?goto=overview&gt;.<\/div>\n<div id=\"_mcePaste\"><\/div>\n<div>Stanonik, Janez. &#8220;American Studies in Yugoslavia.&#8221; American Studies Guidebook. Vol. II: The Practice of American Studies Abroad and in the United States. Washington, D.C.: USIA. Spring 1973.<\/div>\n<div id=\"_mcePaste\"><\/div>\n<div>Trachtenberg, Alan. &#8220;Alan Trachtenberg, in conversation with Paul Giles.&#8221; Comparative\u00a0American Studies 6.1 (March 2008): 5-12.<\/div>\n","protected":false},"excerpt":{"rendered":"<p>Appadurai, Arjun. Modernity at Large: Cultural Dimensions of Globalisation. Minneapolis, London: Minnesota UP, 1996. Bercovitch, Sacvan and Myra Jehlen, eds. Ideology and Classic American Literature.\u00a0Cambridge: Cambridge UP, 1986. B\u00e9rub\u00e9, Michael. &#8220;American Studies without Exceptions.&#8221; PMLA 118.1 (January 2003):\u00a0103-13. Broeck, Sabine. &#8220;American Studies in Germany (Particularly West Germany) Between\u00a0the Cold War Period an the Early Twenty-First [&hellip;]<\/p>\n","protected":false},"author":1,"featured_media":0,"parent":21,"menu_order":0,"comment_status":"open","ping_status":"open","template":"no_sidebars.php","meta":[],"_links":{"self":[{"href":"http:\/\/www.huams.hr\/index.php?rest_route=\/wp\/v2\/pages\/82"}],"collection":[{"href":"http:\/\/www.huams.hr\/index.php?rest_route=\/wp\/v2\/pages"}],"about":[{"href":"http:\/\/www.huams.hr\/index.php?rest_route=\/wp\/v2\/types\/page"}],"author":[{"embeddable":true,"href":"http:\/\/www.huams.hr\/index.php?rest_route=\/wp\/v2\/users\/1"}],"replies":[{"embeddable":true,"href":"http:\/\/www.huams.hr\/index.php?rest_route=%2Fwp%2Fv2%2Fcomments&post=82"}],"version-history":[{"count":8,"href":"http:\/\/www.huams.hr\/index.php?rest_route=\/wp\/v2\/pages\/82\/revisions"}],"predecessor-version":[{"id":455,"href":"http:\/\/www.huams.hr\/index.php?rest_route=\/wp\/v2\/pages\/82\/revisions\/455"}],"up":[{"embeddable":true,"href":"http:\/\/www.huams.hr\/index.php?rest_route=\/wp\/v2\/pages\/21"}],"wp:attachment":[{"href":"http:\/\/www.huams.hr\/index.php?rest_route=%2Fwp%2Fv2%2Fmedia&parent=82"}],"curies":[{"name":"wp","href":"https:\/\/api.w.org\/{rel}","templated":true}]}}