{"id":342,"date":"2014-12-22T16:04:33","date_gmt":"2014-12-22T15:04:33","guid":{"rendered":"http:\/\/www.huams.hr\/?page_id=342"},"modified":"2026-02-02T15:15:28","modified_gmt":"2026-02-02T14:15:28","slug":"wpas","status":"publish","type":"page","link":"http:\/\/www.huams.hr\/publications","title":{"rendered":"Publications"},"content":{"rendered":"<hr noshade=\"noshade\" \/>\n<p><a href=\"https:\/\/openbooks.ffzg.unizg.hr\/index.php\/FFpress\/catalog\/book\/208\"><img decoding=\"async\" loading=\"lazy\" class=\"alignleft wp-image-647 size-medium\" src=\"http:\/\/www.huams.hr\/wp-content\/uploads\/2026\/02\/NASLOVNICA-Media-American-Culture-and-Global-Perspective-scaled.jpg\" alt=\"\" width=\"211\" height=\"300\" \/><\/a><\/p>\n<p><a href=\"https:\/\/openbooks.ffzg.unizg.hr\/index.php\/FFpress\/catalog\/book\/208\"><strong>Media, American Culture, and Global Perspective: Images, Ideas, and Illusion, Proceedings of the 11th Annual Conference of the Croatian Association for American Studies<\/strong><\/a><\/p>\n<p>Zagreb, 2026<br \/>\nPublisher: FF Press and Croatian Association for American Studies<br \/>\nSeries Editors: Jelena \u0160esni\u0107, Sven Cvek<br \/>\nEditors: Lovorka Grui\u0107 Grmu\u0161a, Sanja Runti\u0107, Petra Sapun Kurtin<br \/>\nProofreading: Lovorka Grui\u0107 Grmu\u0161a, Sanja Runti\u0107, Petra Sapun Kurtin<br \/>\nDesign &amp; layout: Sanja Runti\u0107<br \/>\nISBN: 978-953-379-277-4<br \/>\nDOI: <a href=\"https:\/\/www.doi.org\/10.17234\/9789533792774\">https:\/\/www.doi.org\/10.17234\/9789533792774<\/a><\/p>\n<p>&nbsp;<\/p>\n<hr noshade=\"noshade\" \/>\n<p><a href=\"https:\/\/openbooks.ffzg.unizg.hr\/index.php\/FFpress\/catalog\/book\/162\"><img decoding=\"async\" loading=\"lazy\" class=\"alignleft wp-image-647 size-medium\" src=\"http:\/\/www.huams.hr\/wp-content\/uploads\/2023\/10\/Breaking-stereotypes_coverImage_hr_HR_t.jpg\" alt=\"\" width=\"211\" height=\"300\" \/><\/a><\/p>\n<p><a href=\"https:\/\/openbooks.ffzg.unizg.hr\/index.php\/FFpress\/catalog\/book\/162\"><strong>Breaking Stereotypes in American Popular Culture: Proceedings of the 10th Annual Conference of the Croatian Association for American Studies<\/strong><\/a><\/p>\n<p>Zagreb, 2023<br \/>\nPublisher: FF Press and Croatian Association for American Studies<br \/>\nSeries Editors: Jelena \u0160esni\u0107, Sven Cvek<br \/>\nEditors: Sanja Runti\u0107, Jadranka Zlomisli\u0107, Jelena Pataki \u0160umiga<br \/>\nProofreading: Jadranka Zlomisli\u0107<br \/>\nDesign &amp; layout: Kre\u0161endo, obrt za grafi\u010dke usluge<br \/>\nISBN: 978-953-379-125-8<br \/>\nDOI: <a href=\"https:\/\/www.doi.org\/10.17234\/9789533791258\">https:\/\/www.doi.org\/10.17234\/9789533791258<\/a><\/p>\n<p>This book was published with the financial support of the University of Zagreb.<\/p>\n<p>&nbsp;<\/p>\n<hr noshade=\"noshade\" \/>\n<p><strong>Working Papers in American Studies<\/strong><\/p>\n<p>Izdava\u010d \/ Publisher: Hrvatsko udru\u017eenje za ameri\u010dke studije i <a href=\"https:\/\/web2020.ffzg.unizg.hr\/ustroj\/uredi-i-sluzbe\/ff-press\/\">FF press<\/a> \/ Croatian Association for American Studies and <a href=\"https:\/\/web2020.ffzg.unizg.hr\/ustroj\/uredi-i-sluzbe\/ff-press\/\">FF press<\/a><\/p>\n<p>Glavni urednici \/ Editors in chief: Jelena \u0160esni\u0107 &amp; Sven Cvek (University of Zagreb)<\/p>\n<p>Uredni\u0161tvo \/ Editorial Board: Marko Luki\u0107 (University of Zadar), Ljubica Matek (University of Osijek), Jasna Poljak Rehlicki (University of Osijek)<\/p>\n<p>Uredni\u010dki savjet \/ Advisory Board:<\/p>\n<p>Sonia Baelo-Allu\u00e9 (University of Zaragoza)<br \/>\nR\u00e9ka Cristian (University of Szeged)<br \/>\nStipe Grgas (University of Zagreb)<br \/>\nAleksandra Izgarjan (University of Novi Sad)<br \/>\nKsenija Kondali (University of Sarajevo)<br \/>\nIoana Luca (National Taiwan Normal University)<br \/>\nAleksandra Nik\u010devi\u0107-Batri\u0107evi\u0107 (University of Montenegro)<br \/>\nClaudia Sadowski-Smith (Arizona State University)<br \/>\nSilvia Schultermandl (University of Muenster)<br \/>\nMatthew Sweney (Palacky University Olomouc)<\/p>\n<p>ISSN 1849-6180<\/p>\n<hr noshade=\"noshade\" \/>\n<p><a href=\"http:\/\/www.huams.hr\/wp-content\/uploads\/2022\/03\/wpas_v5_2021.pdf\" rel=\"http:\/\/www.huams.hr\/wp-content\/uploads\/2022\/03\/wpas_v5_2021.pdf\"><img decoding=\"async\" loading=\"lazy\" class=\"alignleft wp-image-647 size-medium\" src=\"http:\/\/www.huams.hr\/wp-content\/uploads\/2022\/03\/wpas_v5_2021_front.png\" alt=\"\" width=\"211\" height=\"300\" \/><\/a><strong>Volume 5: Reading COVID-19 in the Anglo-American context<\/strong><\/p>\n<p>(Click on image to open or <a href=\"http:\/\/www.huams.hr\/wp-content\/uploads\/2022\/03\/wpas_v5_2021.pdf\">download<\/a>, 550k pdf)<\/p>\n<p>Zagreb, 2021.<\/p>\n<p>Urednici \/ Editors-in-Chief: Jelena \u0160esni\u0107, Sven Cvek<\/p>\n<p>Uredni\u0161tvo \/ Editorial Board: Marko Luki\u0107, Ljubica Matek, Jasna Poljak Rehlicki<\/p>\n<p>Lektura i korektura \/ Proofreading: Alex Hoyt<\/p>\n<p>Dizajn i prijelom \/ Design &amp; layout: <a href=\"https:\/\/mood.works\/\">mood.works<\/a><\/p>\n<p>Fotografija \/ Cover photo: Augustine Wong (Unsplash)<\/p>\n<p>Ova je publikacija objavljena uz financijsku potporu Sveu\u010dili\u0161ta u Zagrebu.<\/p>\n<p>&nbsp;<\/p>\n<hr noshade=\"noshade\" \/>\n<p><a href=\"http:\/\/www.huams.hr\/wp-content\/uploads\/2021\/02\/wpas_v4_huams_2020.pdf\" rel=\"http:\/\/www.huams.hr\/wp-content\/uploads\/2021\/02\/wpas_v4_huams_2020.pdf\"><img decoding=\"async\" loading=\"lazy\" class=\"alignleft wp-image-647 size-medium\" src=\"http:\/\/www.huams.hr\/wp-content\/uploads\/2021\/02\/wpas4_2020_cover-211x300.jpg\" alt=\"\" width=\"211\" height=\"300\" srcset=\"http:\/\/www.huams.hr\/wp-content\/uploads\/2021\/02\/wpas4_2020_cover-211x300.jpg 211w, http:\/\/www.huams.hr\/wp-content\/uploads\/2021\/02\/wpas4_2020_cover-722x1024.jpg 722w, http:\/\/www.huams.hr\/wp-content\/uploads\/2021\/02\/wpas4_2020_cover-768x1090.jpg 768w, http:\/\/www.huams.hr\/wp-content\/uploads\/2021\/02\/wpas4_2020_cover-1083x1536.jpg 1083w, http:\/\/www.huams.hr\/wp-content\/uploads\/2021\/02\/wpas4_2020_cover-1444x2048.jpg 1444w, http:\/\/www.huams.hr\/wp-content\/uploads\/2021\/02\/wpas4_2020_cover.jpg 1748w\" sizes=\"(max-width: 211px) 100vw, 211px\" \/><\/a><strong>Volume 4: Transformation: Nature and Economy in Modern English and American Culture<\/strong><\/p>\n<p>(Click on image to open or <a href=\"http:\/\/www.huams.hr\/wp-content\/uploads\/2021\/02\/wpas_v4_huams_2020.pdf\">download<\/a>, 5M pdf)<\/p>\n<p>Zagreb, 2020.<\/p>\n<p>Urednici \/ Editors-in-Chief: Jelena \u0160esni\u0107, Sven Cvek<\/p>\n<p>Uredni\u0161tvo \/ Editorial Board: Marko Luki\u0107, Ljubica Matek, Jasna Poljak Rehlicki<\/p>\n<p>Lektura i korektura \/ Proofreading: Alex Hoyt<\/p>\n<p>Dizajn i prijelom \/ Design &amp; layout: <a href=\"https:\/\/mood.works\/\">mood.works<\/a><\/p>\n<p>Fotografija \/ Cover photo: Kevin Laminto (Unsplash)<\/p>\n<p>Ova je publikacija objavljena uz financijsku potporu Sveu\u010dili\u0161ta u Zagrebu.<\/p>\n<p>&nbsp;<\/p>\n<hr noshade=\"noshade\" \/>\n<p><a href=\"http:\/\/www.huams.hr\/wp-content\/uploads\/2018\/04\/wpas_v3_huams_2018.pdf\" rel=\"http:\/\/www.huams.hr\/wp-content\/uploads\/2018\/04\/wpas_v3_huams_2018.pdf\"><img decoding=\"async\" loading=\"lazy\" class=\"alignleft wp-image-565 size-medium\" src=\"http:\/\/www.huams.hr\/wp-content\/uploads\/2018\/04\/huams_2018-front-211x300.png\" alt=\"WPAS Vol. 3 (2018)\" width=\"211\" height=\"300\" srcset=\"http:\/\/www.huams.hr\/wp-content\/uploads\/2018\/04\/huams_2018-front-211x300.png 211w, http:\/\/www.huams.hr\/wp-content\/uploads\/2018\/04\/huams_2018-front.png 582w\" sizes=\"(max-width: 211px) 100vw, 211px\" \/><\/a><\/p>\n<p><strong>Volume 3: The (Un)usable Pasts in American Studies<\/strong><\/p>\n<p>(Click on image to open or <a href=\"http:\/\/www.huams.hr\/wp-content\/uploads\/2018\/04\/wpas_v3_huams_2018.pdf\">download<\/a>, 860k pdf)<\/p>\n<p>Zagreb, 2018.<\/p>\n<p>Uredni\u0161tvo \/ Editors: Jelena \u0160esni\u0107 &amp; Sven Cvek<\/p>\n<p>Lektura i korektura \/ Proofreading: Alex Hoyt<br \/>\nDizajn i prijelom \/ Design &amp; layout: Dra\u0161ko Ivezi\u0107 &amp; Maja Markovi\u0107<\/p>\n<p>Ova je publikacija objavljena uz podr\u0161ku Sveu\u010dili\u0161ta u Zagrebu.<\/p>\n<p>&nbsp;<\/p>\n<hr noshade=\"noshade\" \/>\n<p><strong><a href=\"http:\/\/www.huams.hr\/wp-content\/uploads\/2017\/02\/wpas_v2_huams_2016.pdf\"><img decoding=\"async\" loading=\"lazy\" class=\"alignleft size-medium wp-image-513\" src=\"http:\/\/www.huams.hr\/wp-content\/uploads\/2014\/12\/huams_2016-frontA-212x300.png\" alt=\"\" width=\"212\" height=\"300\" srcset=\"http:\/\/www.huams.hr\/wp-content\/uploads\/2014\/12\/huams_2016-frontA-212x300.png 212w, http:\/\/www.huams.hr\/wp-content\/uploads\/2014\/12\/huams_2016-frontA.png 584w\" sizes=\"(max-width: 212px) 100vw, 212px\" \/><\/a>Volume 2: Quarter of a Century after the Fall of the Berlin Wall. Perspectives and Directions in Croatian and Regional American Studies<\/strong><\/p>\n<p>(Click on image to open or <a href=\"http:\/\/www.huams.hr\/wp-content\/uploads\/2017\/02\/wpas_v2_huams_2016.pdf\" target=\"_blank\" rel=\"noopener noreferrer\">download<\/a>, 3.7M pdf)<\/p>\n<p>Zagreb, 2016.<\/p>\n<p>Uredni\u0161tvo \/ Editors: Jelena \u0160esni\u0107 &amp; Sven Cvek<\/p>\n<p>Lektura i korektura \/ Proofreading: Alex Hoyt<br \/>\nDizajn i prijelom \/ Design &amp; layout: Dra\u0161ko Ivezi\u0107 &amp; Maja Markovi\u0107<\/p>\n<p>Ova je publikacija objavljena uz podr\u0161ku Sveu\u010dili\u0161ta u Zagrebu. Nekolicina tekstova objavljeni su u sklopu projekta <a href=\"http:\/\/kpk.ffzg.unizg.hr\">Kulturna povijest kapitalizma: Britanija, Amerika, Hrvatska<\/a> (HRZZ-1543).<\/p>\n<hr noshade=\"noshade\" \/>\n<p><a href=\"http:\/\/www.huams.hr\/wp-content\/uploads\/2015\/02\/wpas_v1_huams_2014.pdf\"><img decoding=\"async\" loading=\"lazy\" class=\"alignleft wp-image-370 size-medium\" src=\"http:\/\/www.huams.hr\/wp-content\/uploads\/2015\/02\/front_01-211x300.png\" alt=\"Download 3.6M pdf\" width=\"211\" height=\"300\" srcset=\"http:\/\/www.huams.hr\/wp-content\/uploads\/2015\/02\/front_01-211x300.png 211w, http:\/\/www.huams.hr\/wp-content\/uploads\/2015\/02\/front_01-722x1024.png 722w, http:\/\/www.huams.hr\/wp-content\/uploads\/2015\/02\/front_01.png 841w\" sizes=\"(max-width: 211px) 100vw, 211px\" \/><\/a><\/p>\n<p><strong>Volume 1:\u00a0Cross-cultural Readings of the United States<\/strong><\/p>\n<p><em>(Click on image to open or\u00a0<a href=\"http:\/\/www.huams.hr\/wp-content\/uploads\/2015\/02\/wpas_v1_huams_2014.pdf\" target=\"_blank\" rel=\"noopener noreferrer\">download<\/a>, 3.7M pdf)<\/em><\/p>\n<p>Zagreb, 2014.<\/p>\n<p>Uredni\u0161tvo \/ Editors:\u00a0Jelena \u0160esni\u0107 &amp;\u00a0Sven Cvek<\/p>\n<p>Lektura i korektura \/ Proofreading:\u00a0Alex Hoyt<br \/>\nDizajn i prijelom \/ Design &amp; layout:\u00a0Dra\u0161ko Ivezi\u0107<\/p>\n<p>Ova je publikacija objavljena u sklopu projekta &#8220;Kulturno mapiranje Amerike (SAD-a) iz perspektive hrvatskih i regionalnih ameri\u010dkih studija&#8221;. Projekt je podr\u017ealo Sveu\u010dili\u0161te u Zagrebu.<\/p>\n<p><a href=\"http:\/\/creativecommons.org\/licenses\/by-nc-nd\/3.0\/hr\/\" rel=\"license\"><img decoding=\"async\" style=\"border-width: 0;\" src=\"https:\/\/i.creativecommons.org\/l\/by-nc-nd\/3.0\/hr\/88x31.png\" alt=\"Creative Commons licenca\" \/><\/a><\/p>\n<p>Ovo djelo je dano na kori\u0161tenje pod licencom <a href=\"http:\/\/creativecommons.org\/licenses\/by-nc-nd\/3.0\/hr\/\" rel=\"license\">Creative Commons Imenovanje-Nekomercijalno-Bez prerada 3.0 Hrvatska<\/a>.<\/p>\n<p>This work is licensed under a <a href=\"http:\/\/creativecommons.org\/licenses\/by-nc-nd\/3.0\/\" rel=\"license\">Creative Commons Attribution-NonCommercial-NoDerivs 3.0 Unported License<\/a>.<\/p>\n","protected":false},"excerpt":{"rendered":"<p>Media, American Culture, and Global Perspective: Images, Ideas, and Illusion, Proceedings of the 11th Annual Conference of the Croatian Association for American Studies Zagreb, 2026 Publisher: FF Press and Croatian Association for American Studies Series Editors: Jelena \u0160esni\u0107, Sven Cvek Editors: Lovorka Grui\u0107 Grmu\u0161a, Sanja Runti\u0107, Petra Sapun Kurtin Proofreading: Lovorka Grui\u0107 Grmu\u0161a, Sanja Runti\u0107, [&hellip;]<\/p>\n","protected":false},"author":1,"featured_media":0,"parent":0,"menu_order":0,"comment_status":"open","ping_status":"open","template":"no_sidebars.php","meta":[],"_links":{"self":[{"href":"http:\/\/www.huams.hr\/index.php?rest_route=\/wp\/v2\/pages\/342"}],"collection":[{"href":"http:\/\/www.huams.hr\/index.php?rest_route=\/wp\/v2\/pages"}],"about":[{"href":"http:\/\/www.huams.hr\/index.php?rest_route=\/wp\/v2\/types\/page"}],"author":[{"embeddable":true,"href":"http:\/\/www.huams.hr\/index.php?rest_route=\/wp\/v2\/users\/1"}],"replies":[{"embeddable":true,"href":"http:\/\/www.huams.hr\/index.php?rest_route=%2Fwp%2Fv2%2Fcomments&post=342"}],"version-history":[{"count":73,"href":"http:\/\/www.huams.hr\/index.php?rest_route=\/wp\/v2\/pages\/342\/revisions"}],"predecessor-version":[{"id":939,"href":"http:\/\/www.huams.hr\/index.php?rest_route=\/wp\/v2\/pages\/342\/revisions\/939"}],"wp:attachment":[{"href":"http:\/\/www.huams.hr\/index.php?rest_route=%2Fwp%2Fv2%2Fmedia&parent=342"}],"curies":[{"name":"wp","href":"https:\/\/api.w.org\/{rel}","templated":true}]}}